{"id":1262,"date":"2026-02-26T12:03:43","date_gmt":"2026-02-26T12:03:43","guid":{"rendered":"https:\/\/castroprox.pt\/index.php\/contactos\/"},"modified":"2026-02-26T12:03:43","modified_gmt":"2026-02-26T12:03:43","slug":"contactos","status":"publish","type":"page","link":"https:\/\/castroprox.pt\/index.php\/contactos\/","title":{"rendered":"Contactos"},"content":{"rendered":"","protected":false},"excerpt":{"rendered":"","protected":false},"author":1,"featured_media":0,"parent":0,"menu_order":0,"comment_status":"closed","ping_status":"closed","template":"full-width","meta":{"saved_in_kubio":true,"content-type":"","footnotes":""},"class_list":["post-1262","page","type-page","status-publish","hentry"],"aioseo_notices":[],"kubio_ai_page_context":{"short_desc":"Contactos\nEntre em contacto connosco para solu\u00e7\u00f5es industriais \u00e0 medida\n\nPrecisa de m\u00e1quinas de corte, quinagem, aluguer de equipamentos ou manuten\u00e7\u00e3o especializada? A nossa equipa t\u00e9cnica responde em 24 horas com propostas personalizadas para otimizar a sua produ\u00e7\u00e3o.\n\n\ud83d\udcde Contactos Diretos\nTelefone\n+351 21 xxx xxxx\n\nEmail\ngeral@castroprox.pt\n\nHor\u00e1rio de Atendimento\nSegunda a Sexta: 8h00 - 18h00\n\n\ud83d\udccd Localiza\u00e7\u00e3o\nCastroprox - M\u00e1quinas Industriais","purpose":"contact"},"_links":{"self":[{"href":"https:\/\/castroprox.pt\/index.php\/wp-json\/wp\/v2\/pages\/1262","targetHints":{"allow":["GET"]}}],"collection":[{"href":"https:\/\/castroprox.pt\/index.php\/wp-json\/wp\/v2\/pages"}],"about":[{"href":"https:\/\/castroprox.pt\/index.php\/wp-json\/wp\/v2\/types\/page"}],"author":[{"embeddable":true,"href":"https:\/\/castroprox.pt\/index.php\/wp-json\/wp\/v2\/users\/1"}],"replies":[{"embeddable":true,"href":"https:\/\/castroprox.pt\/index.php\/wp-json\/wp\/v2\/comments?post=1262"}],"version-history":[{"count":0,"href":"https:\/\/castroprox.pt\/index.php\/wp-json\/wp\/v2\/pages\/1262\/revisions"}],"wp:attachment":[{"href":"https:\/\/castroprox.pt\/index.php\/wp-json\/wp\/v2\/media?parent=1262"}],"curies":[{"name":"wp","href":"https:\/\/api.w.org\/{rel}","templated":true}]}}